{"id":392,"date":"2024-04-16T19:54:10","date_gmt":"2024-04-16T19:54:10","guid":{"rendered":"https:\/\/www.bright-new.fr\/?page_id=392"},"modified":"2024-04-16T19:54:10","modified_gmt":"2024-04-16T19:54:10","slug":"ceo","status":"publish","type":"page","link":"https:\/\/www.bright-new.fr\/?page_id=392","title":{"rendered":"CEO"},"content":{"rendered":"<style>.kb-row-layout-wrap.wp-block-kadence-rowlayout.kb-row-layout-id392_94389d-8b{margin-top:0px;}.kb-row-layout-id392_94389d-8b > .kt-row-column-wrap{align-content:start;}:where(.kb-row-layout-id392_94389d-8b > .kt-row-column-wrap) > .wp-block-kadence-column{justify-content:start;}.kb-row-layout-id392_94389d-8b > .kt-row-column-wrap{column-gap:var(--global-kb-gap-md, 2rem);row-gap:var(--global-kb-gap-md, 2rem);max-width:var( --global-content-width, 1290px );padding-left:var(--global-content-edge-padding);padding-right:var(--global-content-edge-padding);padding-top:var(--global-kb-spacing-md, 2rem);padding-bottom:var(--global-kb-spacing-md, 2rem);grid-template-columns:minmax(0, 1fr);}.kb-row-layout-id392_94389d-8b{background-color:rgba(113,128,150,0.08);}.kb-row-layout-id392_94389d-8b > .kt-row-layout-overlay{opacity:0.14;background-color:var(--global-palette9, #ffffff);background-image:url('https:\/\/www.bright-new.fr\/wp-content\/uploads\/2023\/05\/cropped-cropped-Bright-New-1.png');background-size:contain;background-position:51% 28.999999999999996%;background-attachment:scroll;background-repeat:no-repeat;}.kb-row-layout-id392_94389d-8b .kt-row-layout-bottom-sep{height:100px;}.kb-row-layout-id392_94389d-8b .kt-row-layout-bottom-sep svg{width:100%;}.kb-row-layout-id392_94389d-8b .kt-row-layout-bottom-sep svg{fill:#ffffff!important;}.kb-row-layout-id392_94389d-8b .kt-row-layout-top-sep{height:61px;}.kb-row-layout-id392_94389d-8b .kt-row-layout-top-sep svg{width:100%;}.kb-row-layout-id392_94389d-8b .kt-row-layout-top-sep svg{fill:#ffffff!important;}@media all and (max-width: 1024px){.kb-row-layout-id392_94389d-8b > .kt-row-column-wrap{grid-template-columns:minmax(0, 1fr);}}@media all and (max-width: 1024px){.kb-row-layout-id392_94389d-8b .kt-row-layout-bottom-sep{height:px;}}@media all and (max-width: 1024px){.kb-row-layout-id392_94389d-8b .kt-row-layout-bottom-sep svg{width:%;}}@media all and (max-width: 767px){.kb-row-layout-id392_94389d-8b > .kt-row-column-wrap{grid-template-columns:minmax(0, 1fr);}.kb-row-layout-id392_94389d-8b .kt-row-layout-bottom-sep{height:px;}.kb-row-layout-id392_94389d-8b .kt-row-layout-bottom-sep svg{width:%;}}<\/style><div class=\"kb-row-layout-wrap kb-row-layout-id392_94389d-8b alignnone kt-row-has-bg wp-block-kadence-rowlayout\"><div class=\"kt-row-layout-overlay kt-row-overlay-normal\"><\/div><div class=\"kt-row-layout-top-sep kt-row-sep-type-mtns\"><svg viewBox=\"0 0 1000 100\" preserveAspectRatio=\"none\"><path d=\"M1000,50l-182.69,-45.286l-292.031,61.197l-190.875,-41.075l-143.748,28.794l-190.656,-23.63l0,70l1000,0l0,-50Z\" style=\"opacity: 0.4\" \/><path d=\"M1000,57l-152.781,-22.589l-214.383,19.81l-159.318,-21.471l-177.44,25.875l-192.722,5.627l-103.356,-27.275l0,63.023l1000,0l0,-43Z\" \/><\/svg><\/div><div class=\"kt-row-layout-bottom-sep kt-row-sep-type-mtns\"><svg viewBox=\"0 0 1000 100\" preserveAspectRatio=\"none\"><path d=\"M1000,50l-182.69,-45.286l-292.031,61.197l-190.875,-41.075l-143.748,28.794l-190.656,-23.63l0,70l1000,0l0,-50Z\" style=\"opacity: 0.4\" \/><path d=\"M1000,57l-152.781,-22.589l-214.383,19.81l-159.318,-21.471l-177.44,25.875l-192.722,5.627l-103.356,-27.275l0,63.023l1000,0l0,-43Z\" \/><\/svg><\/div><div class=\"kt-row-column-wrap kt-has-1-columns kt-row-layout-equal kt-tab-layout-inherit kt-mobile-layout-row kt-row-valign-top kb-theme-content-width\">\n<style>.kadence-column392_ee4f61-21 > .kt-inside-inner-col{display:flex;}.kadence-column392_ee4f61-21 > .kt-inside-inner-col,.kadence-column392_ee4f61-21 > .kt-inside-inner-col:before{border-top-left-radius:0px;border-top-right-radius:0px;border-bottom-right-radius:0px;border-bottom-left-radius:0px;}.kadence-column392_ee4f61-21 > .kt-inside-inner-col{column-gap:var(--global-kb-gap-sm, 1rem);}.kadence-column392_ee4f61-21 > .kt-inside-inner-col{flex-direction:column;justify-content:center;}.kadence-column392_ee4f61-21 > .kt-inside-inner-col > .aligncenter{width:100%;}.kt-row-column-wrap > .kadence-column392_ee4f61-21{align-self:center;}.kt-inner-column-height-full:not(.kt-has-1-columns) > .wp-block-kadence-column.kadence-column392_ee4f61-21{align-self:auto;}.kt-inner-column-height-full:not(.kt-has-1-columns) > .wp-block-kadence-column.kadence-column392_ee4f61-21 > .kt-inside-inner-col{flex-direction:column;justify-content:center;}.kadence-column392_ee4f61-21 > .kt-inside-inner-col:before{opacity:0.3;}.kadence-column392_ee4f61-21{position:relative;}@media all and (max-width: 1024px){.kt-row-column-wrap > .kadence-column392_ee4f61-21{align-self:center;}}@media all and (max-width: 1024px){.kt-inner-column-height-full:not(.kt-has-1-columns) > .wp-block-kadence-column.kadence-column392_ee4f61-21{align-self:auto;}}@media all and (max-width: 1024px){.kt-inner-column-height-full:not(.kt-has-1-columns) > .wp-block-kadence-column.kadence-column392_ee4f61-21 > .kt-inside-inner-col{flex-direction:column;justify-content:center;}}@media all and (max-width: 1024px){.kadence-column392_ee4f61-21 > .kt-inside-inner-col{flex-direction:column;justify-content:center;}}@media all and (max-width: 767px){.kt-row-column-wrap > .kadence-column392_ee4f61-21{align-self:center;}.kt-inner-column-height-full:not(.kt-has-1-columns) > .wp-block-kadence-column.kadence-column392_ee4f61-21{align-self:auto;}.kt-inner-column-height-full:not(.kt-has-1-columns) > .wp-block-kadence-column.kadence-column392_ee4f61-21 > .kt-inside-inner-col{flex-direction:column;justify-content:center;}.kadence-column392_ee4f61-21 > .kt-inside-inner-col{flex-direction:column;justify-content:center;}}<\/style>\n<div class=\"wp-block-kadence-column kadence-column392_ee4f61-21\"><div class=\"kt-inside-inner-col\"><style>.kb-image392_9ba7fb-78.kb-image-is-ratio-size, .kb-image392_9ba7fb-78 .kb-image-is-ratio-size{max-width:652px;width:100%;}.wp-block-kadence-column > .kt-inside-inner-col > .kb-image392_9ba7fb-78.kb-image-is-ratio-size, .wp-block-kadence-column > .kt-inside-inner-col > .kb-image392_9ba7fb-78 .kb-image-is-ratio-size{align-self:unset;}.kb-image392_9ba7fb-78 figure{max-width:652px;}.kb-image392_9ba7fb-78 .image-is-svg, .kb-image392_9ba7fb-78 .image-is-svg img{width:100%;}.kb-image392_9ba7fb-78 .kb-image-has-overlay:after{opacity:0.3;}.kb-image392_9ba7fb-78 img.kb-img, .kb-image392_9ba7fb-78 .kb-img img{-webkit-mask-image:url(https:\/\/www.bright-new.fr\/wp-content\/plugins\/kadence-blocks\/includes\/assets\/images\/masks\/circle.svg);mask-image:url(https:\/\/www.bright-new.fr\/wp-content\/plugins\/kadence-blocks\/includes\/assets\/images\/masks\/circle.svg);-webkit-mask-size:auto;mask-size:auto;-webkit-mask-repeat:no-repeat;mask-repeat:no-repeat;-webkit-mask-position:center;mask-position:center;box-shadow:0px 0px 16px 0px rgba(0, 0, 0, 0.35);}<\/style>\n<div class=\"wp-block-kadence-image kb-image392_9ba7fb-78\"><figure class=\"aligncenter size-full\"><img loading=\"lazy\" decoding=\"async\" width=\"2560\" height=\"1707\" src=\"https:\/\/www.bright-new.fr\/wp-content\/uploads\/2024\/02\/H06A0873-scaled.jpg\" alt=\"\" class=\"kb-img wp-image-255\" srcset=\"https:\/\/www.bright-new.fr\/wp-content\/uploads\/2024\/02\/H06A0873-scaled.jpg 2560w, https:\/\/www.bright-new.fr\/wp-content\/uploads\/2024\/02\/H06A0873-300x200.jpg 300w, https:\/\/www.bright-new.fr\/wp-content\/uploads\/2024\/02\/H06A0873-1024x683.jpg 1024w, https:\/\/www.bright-new.fr\/wp-content\/uploads\/2024\/02\/H06A0873-768x512.jpg 768w, https:\/\/www.bright-new.fr\/wp-content\/uploads\/2024\/02\/H06A0873-1536x1024.jpg 1536w, https:\/\/www.bright-new.fr\/wp-content\/uploads\/2024\/02\/H06A0873-2048x1365.jpg 2048w\" sizes=\"auto, (max-width: 2560px) 100vw, 2560px\" \/><\/figure><\/div>\n\n\n<style>.kb-row-layout-id392_fbf2d6-ac > .kt-row-column-wrap{align-content:start;}:where(.kb-row-layout-id392_fbf2d6-ac > .kt-row-column-wrap) > .wp-block-kadence-column{justify-content:start;}.kb-row-layout-id392_fbf2d6-ac > .kt-row-column-wrap{column-gap:var(--global-kb-gap-md, 2rem);row-gap:var(--global-kb-gap-md, 2rem);padding-top:var(--global-kb-spacing-sm, 1.5rem);padding-bottom:var(--global-kb-spacing-sm, 1.5rem);grid-template-columns:minmax(0, calc(20% - ((var(--global-kb-gap-md, 2rem) * 2 )\/3)))minmax(0, calc(60% - ((var(--global-kb-gap-md, 2rem) * 2 )\/3)))minmax(0, calc(20% - ((var(--global-kb-gap-md, 2rem) * 2 )\/3)));}.kb-row-layout-id392_fbf2d6-ac > .kt-row-layout-overlay{opacity:0.30;}@media all and (max-width: 1024px){.kb-row-layout-id392_fbf2d6-ac > .kt-row-column-wrap > div:not(.added-for-specificity){grid-column:initial;}}@media all and (max-width: 1024px){.kb-row-layout-id392_fbf2d6-ac > .kt-row-column-wrap{grid-template-columns:minmax(0, 1fr) minmax(0, 2fr) minmax(0, 1fr);}}@media all and (max-width: 767px){.kb-row-layout-id392_fbf2d6-ac > .kt-row-column-wrap > div:not(.added-for-specificity){grid-column:initial;}.kb-row-layout-id392_fbf2d6-ac > .kt-row-column-wrap{grid-template-columns:minmax(0, 1fr);}}<\/style><div class=\"kb-row-layout-wrap kb-row-layout-id392_fbf2d6-ac alignnone wp-block-kadence-rowlayout\"><div class=\"kt-row-column-wrap kt-has-3-columns kt-row-layout-center-half kt-tab-layout-inherit kt-mobile-layout-row kt-row-valign-top\">\n<style>.kadence-column392_609833-e1 > .kt-inside-inner-col,.kadence-column392_609833-e1 > .kt-inside-inner-col:before{border-top-left-radius:0px;border-top-right-radius:0px;border-bottom-right-radius:0px;border-bottom-left-radius:0px;}.kadence-column392_609833-e1 > .kt-inside-inner-col{column-gap:var(--global-kb-gap-sm, 1rem);}.kadence-column392_609833-e1 > .kt-inside-inner-col{flex-direction:column;}.kadence-column392_609833-e1 > .kt-inside-inner-col > .aligncenter{width:100%;}.kadence-column392_609833-e1 > .kt-inside-inner-col:before{opacity:0.3;}.kadence-column392_609833-e1{position:relative;}@media all and (max-width: 1024px){.kadence-column392_609833-e1 > .kt-inside-inner-col{flex-direction:column;justify-content:center;}}@media all and (max-width: 767px){.kadence-column392_609833-e1 > .kt-inside-inner-col{flex-direction:column;justify-content:center;}}<\/style>\n<div class=\"wp-block-kadence-column kadence-column392_609833-e1\"><div class=\"kt-inside-inner-col\"><\/div><\/div>\n\n\n<style>.kadence-column392_ffe4a8-5b > .kt-inside-inner-col,.kadence-column392_ffe4a8-5b > .kt-inside-inner-col:before{border-top-left-radius:0px;border-top-right-radius:0px;border-bottom-right-radius:0px;border-bottom-left-radius:0px;}.kadence-column392_ffe4a8-5b > .kt-inside-inner-col{column-gap:var(--global-kb-gap-sm, 1rem);}.kadence-column392_ffe4a8-5b > .kt-inside-inner-col{flex-direction:column;}.kadence-column392_ffe4a8-5b > .kt-inside-inner-col > .aligncenter{width:100%;}.kadence-column392_ffe4a8-5b > .kt-inside-inner-col:before{opacity:0.3;}.kadence-column392_ffe4a8-5b{position:relative;}@media all and (max-width: 1024px){.kadence-column392_ffe4a8-5b > .kt-inside-inner-col{flex-direction:column;justify-content:center;}}@media all and (max-width: 767px){.kadence-column392_ffe4a8-5b > .kt-inside-inner-col{flex-direction:column;justify-content:center;}}<\/style>\n<div class=\"wp-block-kadence-column kadence-column392_ffe4a8-5b\"><div class=\"kt-inside-inner-col\">\n<h3 class=\"wp-block-heading has-text-align-center has-text-color has-larger-font-size\" style=\"color:#085da3\">Niels B\u00e9nichou &#8211; G\u00e9rant<\/h3>\n\n\n\n<p class=\"has-text-align-center\">J&rsquo;ai obtenu un master en ing\u00e9nierie logiciel et, avec plus de 5 ann\u00e9es d\u2019exp\u00e9rience dans <br>le domaine du conseil et de l\u2019AMOA, j\u2019ai cr\u00e9\u00e9 Bright New pour vous apporter confiance <br>et s\u00e9curit\u00e9 dans une entreprise \u00e0 taille humaine, et ainsi vous accompagner au mieux <br>dans vos projets informatiques.<\/p>\n<\/div><\/div>\n\n\n<style>.kadence-column392_2293b8-d2 > .kt-inside-inner-col,.kadence-column392_2293b8-d2 > .kt-inside-inner-col:before{border-top-left-radius:0px;border-top-right-radius:0px;border-bottom-right-radius:0px;border-bottom-left-radius:0px;}.kadence-column392_2293b8-d2 > .kt-inside-inner-col{column-gap:var(--global-kb-gap-sm, 1rem);}.kadence-column392_2293b8-d2 > .kt-inside-inner-col{flex-direction:column;}.kadence-column392_2293b8-d2 > .kt-inside-inner-col > .aligncenter{width:100%;}.kadence-column392_2293b8-d2 > .kt-inside-inner-col:before{opacity:0.3;}.kadence-column392_2293b8-d2{position:relative;}@media all and (max-width: 1024px){.kadence-column392_2293b8-d2 > .kt-inside-inner-col{flex-direction:column;justify-content:center;}}@media all and (max-width: 767px){.kadence-column392_2293b8-d2 > .kt-inside-inner-col{flex-direction:column;justify-content:center;}}<\/style>\n<div class=\"wp-block-kadence-column kadence-column392_2293b8-d2\"><div class=\"kt-inside-inner-col\"><\/div><\/div>\n\n<\/div><\/div>\n\n\n<p><\/p>\n<\/div><\/div>\n\n<\/div><\/div>","protected":false},"excerpt":{"rendered":"<p>Niels B\u00e9nichou &#8211; G\u00e9rant J&rsquo;ai obtenu un master en ing\u00e9nierie logiciel et, avec plus de 5 ann\u00e9es d\u2019exp\u00e9rience dans le domaine du conseil et de l\u2019AMOA, j\u2019ai cr\u00e9\u00e9 Bright New pour vous apporter confiance et s\u00e9curit\u00e9 dans une entreprise \u00e0 taille humaine, et ainsi vous accompagner au mieux dans vos projets informatiques.<\/p>\n","protected":false},"author":1,"featured_media":0,"parent":0,"menu_order":0,"comment_status":"closed","ping_status":"closed","template":"","meta":{"_kadence_starter_templates_imported_post":false,"_kad_post_transparent":"default","_kad_post_title":"hide","_kad_post_layout":"fullwidth","_kad_post_sidebar_id":"","_kad_post_content_style":"unboxed","_kad_post_vertical_padding":"default","_kad_post_feature":"","_kad_post_feature_position":"","_kad_post_header":false,"_kad_post_footer":false,"_kad_post_classname":"","footnotes":""},"class_list":["post-392","page","type-page","status-publish","hentry"],"_links":{"self":[{"href":"https:\/\/www.bright-new.fr\/index.php?rest_route=\/wp\/v2\/pages\/392","targetHints":{"allow":["GET"]}}],"collection":[{"href":"https:\/\/www.bright-new.fr\/index.php?rest_route=\/wp\/v2\/pages"}],"about":[{"href":"https:\/\/www.bright-new.fr\/index.php?rest_route=\/wp\/v2\/types\/page"}],"author":[{"embeddable":true,"href":"https:\/\/www.bright-new.fr\/index.php?rest_route=\/wp\/v2\/users\/1"}],"replies":[{"embeddable":true,"href":"https:\/\/www.bright-new.fr\/index.php?rest_route=%2Fwp%2Fv2%2Fcomments&post=392"}],"version-history":[{"count":3,"href":"https:\/\/www.bright-new.fr\/index.php?rest_route=\/wp\/v2\/pages\/392\/revisions"}],"predecessor-version":[{"id":409,"href":"https:\/\/www.bright-new.fr\/index.php?rest_route=\/wp\/v2\/pages\/392\/revisions\/409"}],"wp:attachment":[{"href":"https:\/\/www.bright-new.fr\/index.php?rest_route=%2Fwp%2Fv2%2Fmedia&parent=392"}],"curies":[{"name":"wp","href":"https:\/\/api.w.org\/{rel}","templated":true}]}}